{"id":33,"date":"2020-01-07T18:49:17","date_gmt":"2020-01-07T17:49:17","guid":{"rendered":"http:\/\/lechodessvt.ovh\/?page_id=33"},"modified":"2021-02-17T16:44:45","modified_gmt":"2021-02-17T15:44:45","slug":"les-livres-interactifs","status":"publish","type":"page","link":"https:\/\/lechodessvt.ovh\/index.php\/les-livres-interactifs\/","title":{"rendered":"Les livres interactifs"},"content":{"rendered":"\n<p><\/p>\n\n\n\n<p>AVERTISSEMENT !! Ces livres sont con\u00e7us sous Flash player. Ce logiciel <strong>n\u2019est plus support\u00e9<\/strong> par les navigateurs type Firefox, Edge\u2026 Il n\u2019est donc plus possible de les ouvrir directement dans le navigateur.<\/p>\n\n\n\n<p>Vous pouvez les <strong>t\u00e9l\u00e9charger sous <\/strong>une version <strong>ex\u00e9cutable <\/strong>sous Windows. Il faut <strong>enregistrer <\/strong>le fichier, puis le <strong>d\u00e9compresser <\/strong>(\u201cdouble clic\u201d ou\u201dclic droit\u201d et \u201cextraire tout\u201d). Voir <a rel=\"noreferrer noopener\" href=\"https:\/\/lechodessvt.ovh\/Tutoriels\/T%C3%A9l%C3%A9charger%20et%20D%C3%A9compresser%20un%20livre%20interactif%20du%20site%20de%20SVT.pdf\" target=\"_blank\">tutoriel joint ICI<\/a><\/p>\n\n\n\n<p><span class=\"has-inline-color has-vivid-red-color\"><\/span><\/p>\n\n\n\n<p>Choisissez ci-dessous votre niveau :<br><br><a href=\"https:\/\/lechodessvt.ovh\/index.php\/les-livres-interactifs-de-6eme\/\">Niveau 6\u00e8me<\/a><br><a href=\"http:\/\/lechodessvt.ovh\/index.php\/les-livres-interactifs-de-5eme\/\">Niveau 5\u00e8me<\/a><br><a href=\"http:\/\/lechodessvt.ovh\/index.php\/les-livres-interactifs-de-4eme\/\">Niveau 4\u00e8me<\/a> <br><a rel=\"noreferrer noopener\" aria-label=\"Niveau 3\u00e8me (s\u2019ouvre dans un nouvel onglet)\" href=\"http:\/\/lechodessvt.ovh\/index.php\/les-livres-interactifs-de-3eme\/\" target=\"_blank\">Niveau 3\u00e8me<\/a><\/p>\n","protected":false},"excerpt":{"rendered":"<p>AVERTISSEMENT !! Ces livres sont con\u00e7us sous Flash player. Ce logiciel n\u2019est plus support\u00e9 par les navigateurs type Firefox, Edge\u2026 Il n\u2019est donc plus possible de les ouvrir directement dans le navigateur. Vous pouvez les t\u00e9l\u00e9charger sous une version ex\u00e9cutable sous Windows. Il faut enregistrer le fichier, puis le d\u00e9compresser (\u201cdouble clic\u201d ou\u201dclic droit\u201d et \u201cextraire tout\u201d). Voir tutoriel joint ICI Choisissez ci-dessous votre niveau : Niveau 6\u00e8meNiveau 5\u00e8meNiveau 4\u00e8me Niveau 3\u00e8me<\/p>\n","protected":false},"author":1,"featured_media":0,"parent":0,"menu_order":0,"comment_status":"closed","ping_status":"closed","template":"","meta":{"footnotes":""},"class_list":["post-33","page","type-page","status-publish","hentry"],"_links":{"self":[{"href":"https:\/\/lechodessvt.ovh\/index.php\/wp-json\/wp\/v2\/pages\/33","targetHints":{"allow":["GET"]}}],"collection":[{"href":"https:\/\/lechodessvt.ovh\/index.php\/wp-json\/wp\/v2\/pages"}],"about":[{"href":"https:\/\/lechodessvt.ovh\/index.php\/wp-json\/wp\/v2\/types\/page"}],"author":[{"embeddable":true,"href":"https:\/\/lechodessvt.ovh\/index.php\/wp-json\/wp\/v2\/users\/1"}],"replies":[{"embeddable":true,"href":"https:\/\/lechodessvt.ovh\/index.php\/wp-json\/wp\/v2\/comments?post=33"}],"version-history":[{"count":11,"href":"https:\/\/lechodessvt.ovh\/index.php\/wp-json\/wp\/v2\/pages\/33\/revisions"}],"predecessor-version":[{"id":859,"href":"https:\/\/lechodessvt.ovh\/index.php\/wp-json\/wp\/v2\/pages\/33\/revisions\/859"}],"wp:attachment":[{"href":"https:\/\/lechodessvt.ovh\/index.php\/wp-json\/wp\/v2\/media?parent=33"}],"curies":[{"name":"wp","href":"https:\/\/api.w.org\/{rel}","templated":true}]}}