{"id":585,"date":"2020-12-24T15:35:07","date_gmt":"2020-12-24T14:35:07","guid":{"rendered":"https:\/\/lechodessvt.ovh\/?page_id=585"},"modified":"2023-02-10T14:51:19","modified_gmt":"2023-02-10T13:51:19","slug":"niveau-3e-cours-docs-et-liens","status":"publish","type":"page","link":"https:\/\/lechodessvt.ovh\/index.php\/cours-et-documents-pour-le-cours\/niveau-3e-cours-docs-et-liens\/","title":{"rendered":"Niveau 3\u00e8 : Cours, docs et liens !"},"content":{"rendered":"\n<p><\/p>\n\n\n\n<p class=\"has-text-align-left has-medium-font-size\"><img loading=\"lazy\" decoding=\"async\" width=\"100\" height=\"100\" class=\"wp-image-586\" style=\"width: 100px;\" src=\"https:\/\/lechodessvt.ovh\/wp-content\/uploads\/2020\/12\/virus2.jpg\" alt=\"\" srcset=\"https:\/\/lechodessvt.ovh\/wp-content\/uploads\/2020\/12\/virus2.jpg 256w, https:\/\/lechodessvt.ovh\/wp-content\/uploads\/2020\/12\/virus2-150x150.jpg 150w\" sizes=\"auto, (max-width: 100px) 100vw, 100px\" \/> <span class=\"has-inline-color has-bright-red-color\"><strong><em> Partie Immunologie<\/em><\/strong><\/span><span style=\"color:#120961\" class=\"has-inline-color\"><br>\u2013 Cours avec ensemble des bilans : <a rel=\"noreferrer noopener\" href=\"https:\/\/lechodessvt.ovh\/cours\/troisieme\/Immuno\/Partie%202%20Les%20r%C3%A9actions%20immunitaires%20eleve.pdf\" target=\"_blank\">Cours et bilans<\/a><br>\u2013 Fiche de travail sur le SIDA : <a rel=\"noreferrer noopener\" href=\"https:\/\/lechodessvt.ovh\/cours\/troisieme\/Fiche%20de%20recherche%20sur%20le%20sida.pdf\" target=\"_blank\">doc \u00e9l\u00e8ve<\/a><br>\u2013 4 vid\u00e9os sur l\u2019histoire de la vaccination :<\/span><br>          * <a rel=\"noreferrer noopener\" href=\"https:\/\/lechodessvt.ovh\/wp-content\/uploads\/2020\/11\/Video-1-Quest-ce-que-la-variole.mp4\" target=\"_blank\">Vid\u00e9o 1 qu\u2019est ce que la variole ?<\/a><br>          * <a rel=\"noreferrer noopener\" href=\"https:\/\/lechodessvt.ovh\/wp-content\/uploads\/2020\/11\/Video-2-De-la-variole-a-la-vaccination.mp4\" target=\"_blank\">Vid\u00e9o 2 De la variole \u00e0 la vaccination<\/a><br>          * <a rel=\"noreferrer noopener\" href=\"https:\/\/lechodessvt.ovh\/wp-content\/uploads\/2020\/11\/Video-3-Edward-Jenner-et-le-premier-vaccin.mp4\" target=\"_blank\">Vid\u00e9o 3 Edward Jenner et le premier vaccin<\/a><br>          * <a rel=\"noreferrer noopener\" href=\"https:\/\/lechodessvt.ovh\/wp-content\/uploads\/2020\/11\/Video-4-Qui-est-Louis-Pasteur.mp4\" target=\"_blank\">Vid\u00e9o 4 Qui est Louis Pasteur<\/a> ?<span style=\"color:#0413e3\" class=\"has-inline-color\"><\/span><br>&#8211; Fiche de travail sur les allergies : <a href=\"https:\/\/lechodessvt.ovh\/cours\/troisieme\/Immuno\/Activit%C3%A9%20%20L%27allergie%2C%20le%20syst%C3%A8me%20immunitaire%20en%20fait%20trop.pdf\">Fiche allergies<\/a> et documents de travail : <a href=\"https:\/\/lechodessvt.ovh\/cours\/troisieme\/Immuno\/Documents%20pour%20Activit%C3%A9%20%20Allergies.pdf\">Docs allergies<\/a><\/p>\n\n\n\n<p class=\"has-text-align-left has-medium-font-size\"> <img loading=\"lazy\" decoding=\"async\" width=\"150\" height=\"102\" class=\"wp-image-633\" style=\"width: 150px;\" src=\"https:\/\/lechodessvt.ovh\/wp-content\/uploads\/2020\/12\/dna_molecule_of_life.jpg\" alt=\"\"> <strong><em><span style=\"color:#812012\" class=\"has-inline-color\">Partie G\u00e9n\u00e9tique et diversit\u00e9<\/span><\/em><\/strong><span style=\"color:#120961\" class=\"has-inline-color\"><br>\u2013 Chapitre  1 \u00ab\u00a0Tous humains, tous diff\u00e9rents\u00a0\u00bb : <a href=\"\/cours\/troisieme\/genetique\/Chap%201%20tous%20humains%2C%20tous%20diff%C3%A9rents%20version%20%C3%A9l%C3%A8ve.pdf\">Cours et bilans<\/a><\/span><\/p>\n\n\n\n<p class=\"has-text-align-left has-medium-font-size\"><span style=\"color:#120961\" class=\"has-inline-color\">\u2013 Chapitre 2 \u00ab\u00a0le codage de l&rsquo;information g\u00e9n\u00e9tique\u00a0\u00bb : <a href=\"\/cours\/troisieme\/genetique\/Chap%202%20le%20codage%20de%20l%27information%20version%20eleve.pdf\" target=\"_blank\" rel=\"noreferrer noopener\">Cours et bilans<\/a><\/span><\/p>\n\n\n\n<ul class=\"wp-block-list\"><li><a rel=\"noreferrer noopener\" href=\"\/cours\/troisieme\/genetique\/Le%20s%C3%A9quen%C3%A7age%20du%20g%C3%A9nome%20-%20YouTube.webm\" target=\"_blank\">Vid\u00e9o Le s\u00e9quen\u00e7age du g\u00e9nome humain<\/a> (inserm) ou <a rel=\"noreferrer noopener\" href=\"http:\/\/www.viewpure.com\/TCnG7R50IlU?start=0&amp;end=0\" target=\"_blank\">ici<\/a><\/li><li><a rel=\"noreferrer noopener\" href=\"http:\/\/www.viewpure.com\/pYnDf9ogEmQ?start=0&amp;end=0\" target=\"_blank\">Vid\u00e9o sur Rosalind Franklin qui d\u00e9couvre l&rsquo;ADN !<\/a><span style=\"color:#120961\" class=\"has-inline-color\"><br><\/span><\/li><\/ul>\n\n\n\n<p class=\"has-text-align-left has-medium-font-size\"><span style=\"color:#120961\" class=\"has-inline-color\">\u2013 Chapitre 3 \u00ab\u00a0les multiplications cellulaires : transfert des informations g\u00e9n\u00e9tiques  : <a rel=\"noreferrer noopener\" href=\"\/cours\/troisieme\/genetique\/Chap%203%20Les%20multiplications%20cellulaires%20-%20transfert%20des%20informations%20g%C3%A9n%C3%A9tiques%20.pdf\" target=\"_blank\">Cours et bilans<\/a><\/span><\/p>\n\n\n\n<p class=\"has-text-align-left has-medium-font-size\">Activit\u00e9 sur la m\u00e9iose : <a href=\"\/cours\/troisieme\/genetique\/Travail%20sur%20le%20logiciel%20MEIOSE.pdf\" target=\"_blank\" rel=\"noreferrer noopener\">Fiche de travail logiciel meiose<\/a><span style=\"color:#120961\" class=\"has-inline-color\"><br><\/span><br>        <\/p>\n\n\n\n<p><\/p>\n","protected":false},"excerpt":{"rendered":"<p>Partie Immunologie\u2013 Cours avec ensemble des bilans : Cours et bilans\u2013 Fiche de travail sur le SIDA : doc \u00e9l\u00e8ve\u2013 4 vid\u00e9os sur l\u2019histoire de la vaccination : * Vid\u00e9o 1 qu\u2019est ce que la variole ? * Vid\u00e9o 2 De la variole \u00e0 la vaccination * Vid\u00e9o 3 Edward Jenner et le premier vaccin * Vid\u00e9o 4 Qui est Louis Pasteur ?&#8211; Fiche de travail sur les allergies : Fiche allergies et documents de travail : Docs allergies Partie&#8230;<\/p>\n<p class=\"read-more\"><a class=\"btn btn-default\" href=\"https:\/\/lechodessvt.ovh\/index.php\/cours-et-documents-pour-le-cours\/niveau-3e-cours-docs-et-liens\/\">Lire la suite<span class=\"screen-reader-text\"> Lire la suite<\/span><\/a><\/p>\n","protected":false},"author":1,"featured_media":0,"parent":473,"menu_order":0,"comment_status":"closed","ping_status":"closed","template":"","meta":{"footnotes":""},"class_list":["post-585","page","type-page","status-publish","hentry"],"_links":{"self":[{"href":"https:\/\/lechodessvt.ovh\/index.php\/wp-json\/wp\/v2\/pages\/585","targetHints":{"allow":["GET"]}}],"collection":[{"href":"https:\/\/lechodessvt.ovh\/index.php\/wp-json\/wp\/v2\/pages"}],"about":[{"href":"https:\/\/lechodessvt.ovh\/index.php\/wp-json\/wp\/v2\/types\/page"}],"author":[{"embeddable":true,"href":"https:\/\/lechodessvt.ovh\/index.php\/wp-json\/wp\/v2\/users\/1"}],"replies":[{"embeddable":true,"href":"https:\/\/lechodessvt.ovh\/index.php\/wp-json\/wp\/v2\/comments?post=585"}],"version-history":[{"count":11,"href":"https:\/\/lechodessvt.ovh\/index.php\/wp-json\/wp\/v2\/pages\/585\/revisions"}],"predecessor-version":[{"id":1095,"href":"https:\/\/lechodessvt.ovh\/index.php\/wp-json\/wp\/v2\/pages\/585\/revisions\/1095"}],"up":[{"embeddable":true,"href":"https:\/\/lechodessvt.ovh\/index.php\/wp-json\/wp\/v2\/pages\/473"}],"wp:attachment":[{"href":"https:\/\/lechodessvt.ovh\/index.php\/wp-json\/wp\/v2\/media?parent=585"}],"curies":[{"name":"wp","href":"https:\/\/api.w.org\/{rel}","templated":true}]}}