{"id":90,"date":"2020-03-17T20:04:59","date_gmt":"2020-03-17T19:04:59","guid":{"rendered":"http:\/\/lechodessvt.ovh\/?page_id=90"},"modified":"2021-02-17T16:43:27","modified_gmt":"2021-02-17T15:43:27","slug":"les-livres-interactifs-de-4eme","status":"publish","type":"page","link":"https:\/\/lechodessvt.ovh\/index.php\/les-livres-interactifs-de-4eme\/","title":{"rendered":"Les livres interactifs de 4\u00e8me"},"content":{"rendered":"\n<p style=\"font-size:18px\"><span class=\"has-inline-color has-vivid-red-color\">AVERTISSEMENT !! Ces livres sont con\u00e7us sous Flash player. Ce logiciel <strong>n\u2019est plus support\u00e9<\/strong> par les navigateurs type Firefox, Edge\u2026 Il n\u2019est donc plus possible de les ouvrir directement dans le navigateur.<\/span><\/p>\n\n\n\n<p style=\"font-size:18px\"><span style=\"color:#0d10c1\" class=\"has-inline-color\">Vous pouvez les <strong>t\u00e9l\u00e9charger sous <\/strong>une version <strong>ex\u00e9cutable <\/strong>sous Windows. Il faut <strong>enregistrer <\/strong>le fichier, puis le <strong>d\u00e9compresser <\/strong>(\u201cdouble clic\u201d ou\u201dclic droit\u201d et \u201cextraire tout\u201d). Voir <a rel=\"noreferrer noopener\" href=\"https:\/\/lechodessvt.ovh\/Tutoriels\/T%C3%A9l%C3%A9charger%20et%20D%C3%A9compresser%20un%20livre%20interactif%20du%20site%20de%20SVT.pdf\" target=\"_blank\">t<\/a><\/span><a rel=\"noreferrer noopener\" href=\"https:\/\/lechodessvt.ovh\/Tutoriels\/T%C3%A9l%C3%A9charger%20et%20D%C3%A9compresser%20un%20livre%20interactif%20du%20site%20de%20SVT.pdf\" target=\"_blank\">utoriel joint ICI<\/a><\/p>\n\n\n\n<p style=\"font-size:28px\"><span class=\"has-inline-color has-vivid-cyan-blue-color\">Le corps humain <\/span><\/p>\n\n\n\n<p>  <a href=\"\/livreinteractifs\/didapage4\/sysnerveux\/SYSTEME_NERVEUX_4.zip\"><img loading=\"lazy\" decoding=\"async\" width=\"200\" height=\"214\" class=\"wp-image-401\" style=\"width: 200px;\" src=\"https:\/\/lechodessvt.ovh\/wp-content\/uploads\/2020\/04\/systemenerveux.jpg\" alt=\"Le syst\u00e8me nerveux\" srcset=\"https:\/\/lechodessvt.ovh\/wp-content\/uploads\/2020\/04\/systemenerveux.jpg 327w, https:\/\/lechodessvt.ovh\/wp-content\/uploads\/2020\/04\/systemenerveux-280x300.jpg 280w\" sizes=\"auto, (max-width: 200px) 100vw, 200px\" \/><\/a> <a href=\"\/livreinteractifs\/didapage4\/fecondation_et_nidation\/Fecondation_nidation.zip\"><img loading=\"lazy\" decoding=\"async\" width=\"250\" height=\"200\" class=\"wp-image-849\" style=\"width: 250px;\" src=\"https:\/\/lechodessvt.ovh\/wp-content\/uploads\/2021\/02\/fecnidation.jpg\" alt=\"\" srcset=\"https:\/\/lechodessvt.ovh\/wp-content\/uploads\/2021\/02\/fecnidation.jpg 413w, https:\/\/lechodessvt.ovh\/wp-content\/uploads\/2021\/02\/fecnidation-300x240.jpg 300w, https:\/\/lechodessvt.ovh\/wp-content\/uploads\/2021\/02\/fecnidation-338x270.jpg 338w\" sizes=\"auto, (max-width: 250px) 100vw, 250px\" \/><\/a> <a href=\"\/livreinteractifs\/didapage4\/grossesse\/La_grossesse.zip\"><img loading=\"lazy\" decoding=\"async\" width=\"200\" height=\"214\" class=\"wp-image-467\" style=\"width: 200px;\" src=\"https:\/\/lechodessvt.ovh\/wp-content\/uploads\/2020\/05\/grossesse.jpg\" alt=\"\" srcset=\"https:\/\/lechodessvt.ovh\/wp-content\/uploads\/2020\/05\/grossesse.jpg 327w, https:\/\/lechodessvt.ovh\/wp-content\/uploads\/2020\/05\/grossesse-280x300.jpg 280w\" sizes=\"auto, (max-width: 200px) 100vw, 200px\" \/><\/a> <a rel=\"noreferrer noopener\" href=\"\/livreinteractifs\/didapage4\/animreprohumaine\/placenta.webm\" target=\"_blank\"><img loading=\"lazy\" decoding=\"async\" width=\"200\" height=\"215\" class=\"wp-image-808\" style=\"width: 200px;\" src=\"https:\/\/lechodessvt.ovh\/wp-content\/uploads\/2021\/02\/placenta.png\" alt=\"\" srcset=\"https:\/\/lechodessvt.ovh\/wp-content\/uploads\/2021\/02\/placenta.png 265w, https:\/\/lechodessvt.ovh\/wp-content\/uploads\/2021\/02\/placenta-251x270.png 251w\" sizes=\"auto, (max-width: 200px) 100vw, 200px\" \/><\/a>   <a href=\"\/livreinteractifs\/didapage4\/grossesse\/Fecondation_et_grossesse.zip\"><img loading=\"lazy\" decoding=\"async\" width=\"200\" height=\"214\" class=\"wp-image-850\" style=\"width: 200px;\" src=\"https:\/\/lechodessvt.ovh\/wp-content\/uploads\/2021\/02\/fecondation_grossesse.jpg\" alt=\"\" srcset=\"https:\/\/lechodessvt.ovh\/wp-content\/uploads\/2021\/02\/fecondation_grossesse.jpg 327w, https:\/\/lechodessvt.ovh\/wp-content\/uploads\/2021\/02\/fecondation_grossesse-280x300.jpg 280w, https:\/\/lechodessvt.ovh\/wp-content\/uploads\/2021\/02\/fecondation_grossesse-252x270.jpg 252w\" sizes=\"auto, (max-width: 200px) 100vw, 200px\" \/><\/a><a href=\"\/livreinteractifs\/didapage4\/accouchement\/Accouchement.zip\"><img loading=\"lazy\" decoding=\"async\" width=\"230\" height=\"218\" class=\"wp-image-497\" style=\"width: 230px;\" src=\"https:\/\/lechodessvt.ovh\/wp-content\/uploads\/2020\/06\/accouchement.jpg\" alt=\"\" srcset=\"https:\/\/lechodessvt.ovh\/wp-content\/uploads\/2020\/06\/accouchement.jpg 370w, https:\/\/lechodessvt.ovh\/wp-content\/uploads\/2020\/06\/accouchement-300x284.jpg 300w\" sizes=\"auto, (max-width: 230px) 100vw, 230px\" \/><\/a><\/p>\n\n\n\n<p style=\"font-size:28px\"><span style=\"color:#700808\" class=\"has-inline-color\">G\u00e9odynamique interne : s\u00e9ismes, volcans, tectoniques des plaques<\/span><\/p>\n\n\n\n<p> <a href=\"\/livreinteractifs\/didapage4\/echelles_sismiques\/Echelles%20_sismiques.zip\"><img loading=\"lazy\" decoding=\"async\" width=\"200\" height=\"189\" class=\"wp-image-844\" style=\"width: 200px;\" src=\"https:\/\/lechodessvt.ovh\/wp-content\/uploads\/2021\/02\/echelles.jpg\" alt=\"\" srcset=\"https:\/\/lechodessvt.ovh\/wp-content\/uploads\/2021\/02\/echelles.jpg 333w, https:\/\/lechodessvt.ovh\/wp-content\/uploads\/2021\/02\/echelles-300x283.jpg 300w, https:\/\/lechodessvt.ovh\/wp-content\/uploads\/2021\/02\/echelles-286x270.jpg 286w\" sizes=\"auto, (max-width: 200px) 100vw, 200px\" \/><\/a>  <a href=\"\/livreinteractifs\/didapage4\/REv_volcanisme\/REV_Volcanisme.zip\"><img loading=\"lazy\" decoding=\"async\" width=\"210\" height=\"186\" class=\"wp-image-845\" style=\"width: 210px;\" src=\"https:\/\/lechodessvt.ovh\/wp-content\/uploads\/2021\/02\/rev_volcan.jpg\" alt=\"\" srcset=\"https:\/\/lechodessvt.ovh\/wp-content\/uploads\/2021\/02\/rev_volcan.jpg 350w, https:\/\/lechodessvt.ovh\/wp-content\/uploads\/2021\/02\/rev_volcan-300x266.jpg 300w, https:\/\/lechodessvt.ovh\/wp-content\/uploads\/2021\/02\/rev_volcan-305x270.jpg 305w\" sizes=\"auto, (max-width: 210px) 100vw, 210px\" \/><\/a> <a href=\"\/livreinteractifs\/didapage4\/Rev_seismes\/Revisions_seismes.zip\"><img loading=\"lazy\" decoding=\"async\" width=\"200\" height=\"200\" class=\"wp-image-857\" style=\"width: 200px;\" src=\"https:\/\/lechodessvt.ovh\/wp-content\/uploads\/2021\/02\/rev_sesime.jpg\" alt=\"\" srcset=\"https:\/\/lechodessvt.ovh\/wp-content\/uploads\/2021\/02\/rev_sesime.jpg 350w, https:\/\/lechodessvt.ovh\/wp-content\/uploads\/2021\/02\/rev_sesime-300x300.jpg 300w, https:\/\/lechodessvt.ovh\/wp-content\/uploads\/2021\/02\/rev_sesime-150x150.jpg 150w, https:\/\/lechodessvt.ovh\/wp-content\/uploads\/2021\/02\/rev_sesime-270x270.jpg 270w\" sizes=\"auto, (max-width: 200px) 100vw, 200px\" \/><\/a><\/p>\n\n\n\n<p style=\"font-size:28px\">G\u00e9odynamique externe : <\/p>\n\n\n\n<p> <a href=\"\/livreinteractifs\/didapage4\/rev_climats\/1_Rev_climats.zip\"><img loading=\"lazy\" decoding=\"async\" width=\"200\" height=\"200\" class=\"wp-image-848\" style=\"width: 200px;\" src=\"https:\/\/lechodessvt.ovh\/wp-content\/uploads\/2021\/02\/rev_climats.jpg\" alt=\"\" srcset=\"https:\/\/lechodessvt.ovh\/wp-content\/uploads\/2021\/02\/rev_climats.jpg 256w, https:\/\/lechodessvt.ovh\/wp-content\/uploads\/2021\/02\/rev_climats-150x150.jpg 150w\" sizes=\"auto, (max-width: 200px) 100vw, 200px\" \/><\/a><\/p>\n","protected":false},"excerpt":{"rendered":"<p>AVERTISSEMENT !! Ces livres sont con\u00e7us sous Flash player. Ce logiciel n\u2019est plus support\u00e9 par les navigateurs type Firefox, Edge\u2026 Il n\u2019est donc plus possible de les ouvrir directement dans le navigateur. Vous pouvez les t\u00e9l\u00e9charger sous une version ex\u00e9cutable sous Windows. Il faut enregistrer le fichier, puis le d\u00e9compresser (\u201cdouble clic\u201d ou\u201dclic droit\u201d et \u201cextraire tout\u201d). Voir tutoriel joint ICI Le corps humain G\u00e9odynamique interne : s\u00e9ismes, volcans, tectoniques des plaques G\u00e9odynamique externe :<\/p>\n","protected":false},"author":1,"featured_media":0,"parent":0,"menu_order":0,"comment_status":"closed","ping_status":"closed","template":"","meta":{"footnotes":""},"class_list":["post-90","page","type-page","status-publish","hentry"],"_links":{"self":[{"href":"https:\/\/lechodessvt.ovh\/index.php\/wp-json\/wp\/v2\/pages\/90","targetHints":{"allow":["GET"]}}],"collection":[{"href":"https:\/\/lechodessvt.ovh\/index.php\/wp-json\/wp\/v2\/pages"}],"about":[{"href":"https:\/\/lechodessvt.ovh\/index.php\/wp-json\/wp\/v2\/types\/page"}],"author":[{"embeddable":true,"href":"https:\/\/lechodessvt.ovh\/index.php\/wp-json\/wp\/v2\/users\/1"}],"replies":[{"embeddable":true,"href":"https:\/\/lechodessvt.ovh\/index.php\/wp-json\/wp\/v2\/comments?post=90"}],"version-history":[{"count":20,"href":"https:\/\/lechodessvt.ovh\/index.php\/wp-json\/wp\/v2\/pages\/90\/revisions"}],"predecessor-version":[{"id":858,"href":"https:\/\/lechodessvt.ovh\/index.php\/wp-json\/wp\/v2\/pages\/90\/revisions\/858"}],"wp:attachment":[{"href":"https:\/\/lechodessvt.ovh\/index.php\/wp-json\/wp\/v2\/media?parent=90"}],"curies":[{"name":"wp","href":"https:\/\/api.w.org\/{rel}","templated":true}]}}